{"id":60,"date":"2015-11-25T01:34:21","date_gmt":"2015-11-25T01:34:21","guid":{"rendered":"http:\/\/apcd.org.ar\/?page_id=60"},"modified":"2021-02-01T21:43:12","modified_gmt":"2021-02-02T00:43:12","slug":"trabajo-en-red","status":"publish","type":"page","link":"https:\/\/apcd.org.ar\/index.php\/trabajo-en-red\/","title":{"rendered":"Trabajo en red"},"content":{"rendered":"<p>La integraci\u00f3n de saberes y experiencias diversas permite la construcci\u00f3n de un conocimiento interdisciplinario. Por eso, articulamos acciones con distintas organizaciones de la sociedad civil para amplificar la escala de trabajo. As\u00ed, trabajamos en red con las siguientes instituciones del \u00e1mbito nacional:<\/p>\n<table style=\"height: 118px;\" width=\"216\">\n<tbody>\n<tr>\n<td>\n<p style=\"text-align: center;\"><a href=\"http:\/\/redaf.org.ar\/\" target=\"_blank\" rel=\"attachment noopener wp-att-186 noreferrer\"><img decoding=\"async\" loading=\"lazy\" class=\"alignnone wp-image-186 size-full\" src=\"http:\/\/apcd.org.ar\/wp-content\/uploads\/2015\/11\/logo-redaf.png\" alt=\"logo-redaf\" width=\"180\" height=\"120\" srcset=\"https:\/\/apcd.org.ar\/wp-content\/uploads\/2015\/11\/logo-redaf.png 180w, https:\/\/apcd.org.ar\/wp-content\/uploads\/2015\/11\/logo-redaf-150x100.png 150w\" sizes=\"(max-width: 180px) 100vw, 180px\" \/><\/a><\/p>\n<p style=\"text-align: center;\">Aportes agroforestales al ambiente del Gran Chaco y sus pobladores.<\/p>\n<\/td>\n<td>\n<p style=\"text-align: center;\"><a href=\"http:\/\/www.nuevossurcos.org.ar\/\" target=\"_blank\" rel=\"attachment noopener wp-att-187 noreferrer\"><img decoding=\"async\" loading=\"lazy\" class=\"wp-image-187 size-full aligncenter\" src=\"http:\/\/apcd.org.ar\/wp-content\/uploads\/2015\/11\/logo-nuevosurcos.png\" alt=\"logo-nuevosurcos\" width=\"180\" height=\"120\" srcset=\"https:\/\/apcd.org.ar\/wp-content\/uploads\/2015\/11\/logo-nuevosurcos.png 180w, https:\/\/apcd.org.ar\/wp-content\/uploads\/2015\/11\/logo-nuevosurcos-150x100.png 150w\" sizes=\"(max-width: 180px) 100vw, 180px\" \/><\/a>Ayudas econ\u00f3mico-financieras a poblaciones rurales del norte argentino.<\/p>\n<\/td>\n<td>\n<p style=\"text-align: center;\"><a href=\"http:\/\/www.lenguawichi.com.ar\/\" target=\"_blank\" rel=\"attachment noopener wp-att-184 noreferrer\"><img decoding=\"async\" loading=\"lazy\" class=\"wp-image-184 size-full aligncenter\" src=\"http:\/\/apcd.org.ar\/wp-content\/uploads\/2016\/01\/lenguawichi-logo.png\" alt=\"lenguawichi-logo\" width=\"180\" height=\"120\" srcset=\"https:\/\/apcd.org.ar\/wp-content\/uploads\/2016\/01\/lenguawichi-logo.png 180w, https:\/\/apcd.org.ar\/wp-content\/uploads\/2016\/01\/lenguawichi-logo-150x100.png 150w\" sizes=\"(max-width: 180px) 100vw, 180px\" \/><\/a>Autoafirmaci\u00f3n del idioma wich\u00ed.<\/p>\n<\/td>\n<\/tr>\n<tr>\n<td>\n<p style=\"text-align: center;\"><a href=\"http:\/\/endepa.org.ar\/\" target=\"_blank\" rel=\"attachment noopener wp-att-189 noreferrer\"><img decoding=\"async\" loading=\"lazy\" class=\"wp-image-189 size-full aligncenter\" src=\"http:\/\/apcd.org.ar\/wp-content\/uploads\/2015\/11\/logo-endepa.png\" alt=\"logo-endepa\" width=\"180\" height=\"120\" srcset=\"https:\/\/apcd.org.ar\/wp-content\/uploads\/2015\/11\/logo-endepa.png 180w, https:\/\/apcd.org.ar\/wp-content\/uploads\/2015\/11\/logo-endepa-150x100.png 150w\" sizes=\"(max-width: 180px) 100vw, 180px\" \/><\/a>Promoci\u00f3n de pol\u00edticas ind\u00edgenas a nivel nacional.<\/p>\n<\/td>\n<td>\n<p style=\"text-align: center;\"><a href=\"https:\/\/www.facebook.com\/Adepi-221261134721190\/\" target=\"_blank\" rel=\"attachment noopener wp-att-188 noreferrer\"><img decoding=\"async\" loading=\"lazy\" class=\"wp-image-188 size-full aligncenter\" src=\"http:\/\/apcd.org.ar\/wp-content\/uploads\/2015\/11\/logo-adepi.png\" alt=\"logo-adepi\" width=\"120\" height=\"120\" \/><\/a>Promoci\u00f3n de los derechos de los Pueblos Ind\u00edgenas.<\/p>\n<\/td>\n<td>\n<p style=\"text-align: center;\"><img decoding=\"async\" loading=\"lazy\" class=\"alignnone wp-image-342 size-full aligncenter\" src=\"http:\/\/apcd.org.ar\/wp-content\/uploads\/2015\/11\/logo-Ruta-81.jpg\" alt=\"Profundizaci\u00f3n de las relaciones interculturales con el Pueblo Wich\u00ed. \" width=\"85\" height=\"102\" \/>Profundizaci\u00f3n de las relaciones interculturales con el pueblo wch\u00ed.<\/p>\n<\/td>\n<\/tr>\n<\/tbody>\n<\/table>\n<table style=\"height: 495px;\" width=\"341\">\n<tbody>\n<tr>\n<td width=\"236\"><a href=\"http:\/\/bepe.org.ar\/\" target=\"_blank\" rel=\"noopener noreferrer\"><img decoding=\"async\" loading=\"lazy\" class=\"wp-image-886 aligncenter\" src=\"https:\/\/apcd.org.ar\/wp-content\/uploads\/2020\/08\/bepe_logo.png\" alt=\"\" width=\"121\" height=\"204\" srcset=\"https:\/\/apcd.org.ar\/wp-content\/uploads\/2020\/08\/bepe_logo.png 166w, https:\/\/apcd.org.ar\/wp-content\/uploads\/2020\/08\/bepe_logo-89x150.png 89w\" sizes=\"(max-width: 121px) 100vw, 121px\" \/><\/a><\/td>\n<td width=\"236\"><strong><a href=\"https:\/\/www.apdh-argentina.org.ar\/regional\/formosa\/66\" target=\"_blank\" rel=\"noopener noreferrer\"><img decoding=\"async\" loading=\"lazy\" class=\"wp-image-887 aligncenter\" src=\"https:\/\/apcd.org.ar\/wp-content\/uploads\/2020\/08\/apdh-300x149.jpg\" alt=\"\" width=\"180\" height=\"89\" srcset=\"https:\/\/apcd.org.ar\/wp-content\/uploads\/2020\/08\/apdh-300x149.jpg 300w, https:\/\/apcd.org.ar\/wp-content\/uploads\/2020\/08\/apdh-150x75.jpg 150w, https:\/\/apcd.org.ar\/wp-content\/uploads\/2020\/08\/apdh.jpg 318w\" sizes=\"(max-width: 180px) 100vw, 180px\" \/><\/a><\/strong>Defensa de los derechos humanos m\u00e1s elementales<\/td>\n<td width=\"236\">\n<p style=\"text-align: center;\"><strong>Asociaci\u00f3n Padres Pasionistas &#8211; Argentina<\/strong><\/p>\n<\/td>\n<\/tr>\n<tr>\n<td width=\"236\">\n<p style=\"text-align: center;\"><strong>Centro\u00a0 Monse\u00f1or Enrique Angelelli \u2013 Ing. Juarez<\/strong><\/p>\n<p style=\"text-align: center;\">\n<\/td>\n<td style=\"text-align: center;\" width=\"236\"><strong>Vicar\u00eda Diocesana para los Pueblos Ind\u00edgenas<\/strong><\/td>\n<td style=\"text-align: center;\" width=\"236\"><strong>Fundaci\u00f3n Manos de Hermanos\u00a0 &#8211; Formosa<\/strong><\/td>\n<\/tr>\n<tr>\n<td style=\"text-align: center;\" width=\"236\"><strong>Grupo Solidario BByW<\/strong><\/td>\n<td style=\"text-align: center;\" width=\"236\"><\/td>\n<td width=\"236\">\n<p style=\"text-align: center;\">\n<\/td>\n<\/tr>\n<\/tbody>\n<\/table>\n","protected":false},"excerpt":{"rendered":"<p>La integraci\u00f3n de saberes y experiencias diversas permite la construcci\u00f3n de un conocimiento interdisciplinario. Por eso, articulamos acciones con distintas organizaciones de la sociedad civil para amplificar la escala de trabajo. As\u00ed, trabajamos en red con las siguientes instituciones del \u00e1mbito nacional: Aportes agroforestales al ambiente del Gran Chaco y\u2026<\/p>\n<p> <a class=\"continue-reading-link\" href=\"https:\/\/apcd.org.ar\/index.php\/trabajo-en-red\/\"><span>Leer m\u00e1s<\/span><i class=\"crycon-right-dir\"><\/i><\/a> <\/p>\n","protected":false},"author":1,"featured_media":0,"parent":0,"menu_order":0,"comment_status":"closed","ping_status":"closed","template":"","meta":[],"yoast_head":"<!-- This site is optimized with the Yoast SEO plugin v21.8.1 - https:\/\/yoast.com\/wordpress\/plugins\/seo\/ -->\n<title>Trabajo en red - APCD<\/title>\n<meta name=\"robots\" content=\"index, follow, max-snippet:-1, max-image-preview:large, max-video-preview:-1\" \/>\n<link rel=\"canonical\" href=\"https:\/\/apcd.org.ar\/index.php\/trabajo-en-red\/\" \/>\n<meta property=\"og:locale\" content=\"es_ES\" \/>\n<meta property=\"og:type\" content=\"article\" \/>\n<meta property=\"og:title\" content=\"Trabajo en red - APCD\" \/>\n<meta property=\"og:description\" content=\"La integraci\u00f3n de saberes y experiencias diversas permite la construcci\u00f3n de un conocimiento interdisciplinario. Por eso, articulamos acciones con distintas organizaciones de la sociedad civil para amplificar la escala de trabajo. As\u00ed, trabajamos en red con las siguientes instituciones del \u00e1mbito nacional: Aportes agroforestales al ambiente del Gran Chaco y\u2026 Leer m\u00e1s\" \/>\n<meta property=\"og:url\" content=\"https:\/\/apcd.org.ar\/index.php\/trabajo-en-red\/\" \/>\n<meta property=\"og:site_name\" content=\"APCD\" \/>\n<meta property=\"article:modified_time\" content=\"2021-02-02T00:43:12+00:00\" \/>\n<meta property=\"og:image\" content=\"http:\/\/apcd.org.ar\/wp-content\/uploads\/2015\/11\/logo-redaf.png\" \/>\n<meta name=\"twitter:card\" content=\"summary_large_image\" \/>\n<meta name=\"twitter:label1\" content=\"Tiempo de lectura\" \/>\n\t<meta name=\"twitter:data1\" content=\"1 minuto\" \/>\n<script type=\"application\/ld+json\" class=\"yoast-schema-graph\">{\"@context\":\"https:\/\/schema.org\",\"@graph\":[{\"@type\":\"WebPage\",\"@id\":\"https:\/\/apcd.org.ar\/index.php\/trabajo-en-red\/\",\"url\":\"https:\/\/apcd.org.ar\/index.php\/trabajo-en-red\/\",\"name\":\"Trabajo en red - APCD\",\"isPartOf\":{\"@id\":\"https:\/\/apcd.org.ar\/#website\"},\"datePublished\":\"2015-11-25T01:34:21+00:00\",\"dateModified\":\"2021-02-02T00:43:12+00:00\",\"breadcrumb\":{\"@id\":\"https:\/\/apcd.org.ar\/index.php\/trabajo-en-red\/#breadcrumb\"},\"inLanguage\":\"es\",\"potentialAction\":[{\"@type\":\"ReadAction\",\"target\":[\"https:\/\/apcd.org.ar\/index.php\/trabajo-en-red\/\"]}]},{\"@type\":\"BreadcrumbList\",\"@id\":\"https:\/\/apcd.org.ar\/index.php\/trabajo-en-red\/#breadcrumb\",\"itemListElement\":[{\"@type\":\"ListItem\",\"position\":1,\"name\":\"Portada\",\"item\":\"https:\/\/apcd.org.ar\/\"},{\"@type\":\"ListItem\",\"position\":2,\"name\":\"Trabajo en red\"}]},{\"@type\":\"WebSite\",\"@id\":\"https:\/\/apcd.org.ar\/#website\",\"url\":\"https:\/\/apcd.org.ar\/\",\"name\":\"APCD\",\"description\":\"\",\"potentialAction\":[{\"@type\":\"SearchAction\",\"target\":{\"@type\":\"EntryPoint\",\"urlTemplate\":\"https:\/\/apcd.org.ar\/?s={search_term_string}\"},\"query-input\":\"required name=search_term_string\"}],\"inLanguage\":\"es\"}]}<\/script>\n<!-- \/ Yoast SEO plugin. -->","yoast_head_json":{"title":"Trabajo en red - APCD","robots":{"index":"index","follow":"follow","max-snippet":"max-snippet:-1","max-image-preview":"max-image-preview:large","max-video-preview":"max-video-preview:-1"},"canonical":"https:\/\/apcd.org.ar\/index.php\/trabajo-en-red\/","og_locale":"es_ES","og_type":"article","og_title":"Trabajo en red - APCD","og_description":"La integraci\u00f3n de saberes y experiencias diversas permite la construcci\u00f3n de un conocimiento interdisciplinario. Por eso, articulamos acciones con distintas organizaciones de la sociedad civil para amplificar la escala de trabajo. As\u00ed, trabajamos en red con las siguientes instituciones del \u00e1mbito nacional: Aportes agroforestales al ambiente del Gran Chaco y\u2026 Leer m\u00e1s","og_url":"https:\/\/apcd.org.ar\/index.php\/trabajo-en-red\/","og_site_name":"APCD","article_modified_time":"2021-02-02T00:43:12+00:00","og_image":[{"url":"http:\/\/apcd.org.ar\/wp-content\/uploads\/2015\/11\/logo-redaf.png"}],"twitter_card":"summary_large_image","twitter_misc":{"Tiempo de lectura":"1 minuto"},"schema":{"@context":"https:\/\/schema.org","@graph":[{"@type":"WebPage","@id":"https:\/\/apcd.org.ar\/index.php\/trabajo-en-red\/","url":"https:\/\/apcd.org.ar\/index.php\/trabajo-en-red\/","name":"Trabajo en red - APCD","isPartOf":{"@id":"https:\/\/apcd.org.ar\/#website"},"datePublished":"2015-11-25T01:34:21+00:00","dateModified":"2021-02-02T00:43:12+00:00","breadcrumb":{"@id":"https:\/\/apcd.org.ar\/index.php\/trabajo-en-red\/#breadcrumb"},"inLanguage":"es","potentialAction":[{"@type":"ReadAction","target":["https:\/\/apcd.org.ar\/index.php\/trabajo-en-red\/"]}]},{"@type":"BreadcrumbList","@id":"https:\/\/apcd.org.ar\/index.php\/trabajo-en-red\/#breadcrumb","itemListElement":[{"@type":"ListItem","position":1,"name":"Portada","item":"https:\/\/apcd.org.ar\/"},{"@type":"ListItem","position":2,"name":"Trabajo en red"}]},{"@type":"WebSite","@id":"https:\/\/apcd.org.ar\/#website","url":"https:\/\/apcd.org.ar\/","name":"APCD","description":"","potentialAction":[{"@type":"SearchAction","target":{"@type":"EntryPoint","urlTemplate":"https:\/\/apcd.org.ar\/?s={search_term_string}"},"query-input":"required name=search_term_string"}],"inLanguage":"es"}]}},"_links":{"self":[{"href":"https:\/\/apcd.org.ar\/index.php\/wp-json\/wp\/v2\/pages\/60"}],"collection":[{"href":"https:\/\/apcd.org.ar\/index.php\/wp-json\/wp\/v2\/pages"}],"about":[{"href":"https:\/\/apcd.org.ar\/index.php\/wp-json\/wp\/v2\/types\/page"}],"author":[{"embeddable":true,"href":"https:\/\/apcd.org.ar\/index.php\/wp-json\/wp\/v2\/users\/1"}],"replies":[{"embeddable":true,"href":"https:\/\/apcd.org.ar\/index.php\/wp-json\/wp\/v2\/comments?post=60"}],"version-history":[{"count":16,"href":"https:\/\/apcd.org.ar\/index.php\/wp-json\/wp\/v2\/pages\/60\/revisions"}],"predecessor-version":[{"id":1140,"href":"https:\/\/apcd.org.ar\/index.php\/wp-json\/wp\/v2\/pages\/60\/revisions\/1140"}],"wp:attachment":[{"href":"https:\/\/apcd.org.ar\/index.php\/wp-json\/wp\/v2\/media?parent=60"}],"curies":[{"name":"wp","href":"https:\/\/api.w.org\/{rel}","templated":true}]}}