{"id":353,"date":"2016-04-04T17:34:29","date_gmt":"2016-04-04T17:34:29","guid":{"rendered":"http:\/\/apcd.org.ar\/?page_id=353"},"modified":"2021-02-01T21:52:13","modified_gmt":"2021-02-02T00:52:13","slug":"informacion-y-datos","status":"publish","type":"page","link":"https:\/\/apcd.org.ar\/index.php\/informacion-y-datos\/","title":{"rendered":"Informaci\u00f3n y Datos"},"content":{"rendered":"<p><strong>Datos en perspectiva de los Pueblos Originarios de la Regi\u00f3n del Chaco Argentino.\u00a0 <\/strong><\/p>\n<p>Estos pueblos, muchos de ellos transfronterizos, son anteriores a la marcaci\u00f3n de los l\u00edmites internacionales e interprovinciales. Ancestralmente los pueblos ind\u00edgenas habitan la bioregi\u00f3n del <strong>Gran Chaco Americano<\/strong> como una unidad.<\/p>\n<p><a href=\"http:\/\/apcd.org.ar\/wp-content\/uploads\/2016\/09\/Datos1paraweb.docx.pdf\" target=\"_blank\" rel=\"noopener noreferrer\">Acceder al informe.<\/a><\/p>\n<hr \/>\n<p><strong>Algunas caracter\u00edsticas de los Pueblos Ind\u00edgenas:<\/strong><\/p>\n<p>Informaci\u00f3n y datos demogr\u00e1ficos sobre los Pueblos Ind\u00edgenas del Gran Chaco.<\/p>\n<p><a href=\"http:\/\/apcd.org.ar\/wp-content\/uploads\/2016\/09\/Datos2paralaweb.docx.pdf\" target=\"_blank\" rel=\"noopener noreferrer\">Acceder al informe.<\/a><\/p>\n<hr \/>\n<p><strong>El Gran Chaco Americano<\/strong><\/p>\n<p>Esta bioregi\u00f3n se extiende por m\u00e1s de 1 mill\u00f3n de km\u00b2, distribuidos entre Argentina, Paraguay, Bolivia y una peque\u00f1a porci\u00f3n del suroeste de Brasil. Su extensi\u00f3n representa, aproximadamente, el 6% del espacio geogr\u00e1fico de Am\u00e9rica del Sur.<\/p>\n<p>La regi\u00f3n chaque\u00f1a abarca tres departamentos en Bolivia, trece provincias en Argentina, tres departamentos en Paraguay y un estado en Brasil.<\/p>\n<p><a href=\"http:\/\/apcd.org.ar\/wp-content\/uploads\/2016\/09\/El-gran-Chaco-Americano.pdf\" target=\"_blank\" rel=\"noopener noreferrer\">Acceder al informe.<\/a><\/p>\n<hr \/>\n<p><strong>Antecedentes en el Chaco Formose\u00f1o sobre soluciones a la falta de agua<\/strong><\/p>\n<p>La provisi\u00f3n de agua potable a las comunidades ind\u00edgenas y no ind\u00edgenas constituy\u00f3 hist\u00f3ricamente un problema en la zona del centro-oeste de Formosa. En l\u00edneas generales, las soluciones dise\u00f1adas para hacer frente a esta problem\u00e1tica no han generado el impacto deseado. Se deben tener en cuenta dimensiones que excedan lo econ\u00f3mico para lograr una respuesta adecuada.<\/p>\n<p>Aqu\u00ed se esbozan algunos lineamientos para pensar esta problem\u00e1tica:<\/p>\n<p><a href=\"http:\/\/apcd.org.ar\/wp-content\/uploads\/2016\/09\/Antecedentes_agua.pdf\" target=\"_blank\" rel=\"noopener noreferrer\">Ampliar informaci\u00f3n<\/a><\/p>\n","protected":false},"excerpt":{"rendered":"<p>Datos en perspectiva de los Pueblos Originarios de la Regi\u00f3n del Chaco Argentino.\u00a0 Estos pueblos, muchos de ellos transfronterizos, son anteriores a la marcaci\u00f3n de los l\u00edmites internacionales e interprovinciales. Ancestralmente los pueblos ind\u00edgenas habitan la bioregi\u00f3n del Gran Chaco Americano como una unidad. Acceder al informe. Algunas caracter\u00edsticas de\u2026<\/p>\n<p> <a class=\"continue-reading-link\" href=\"https:\/\/apcd.org.ar\/index.php\/informacion-y-datos\/\"><span>Leer m\u00e1s<\/span><i class=\"crycon-right-dir\"><\/i><\/a> <\/p>\n","protected":false},"author":1,"featured_media":0,"parent":0,"menu_order":0,"comment_status":"closed","ping_status":"closed","template":"","meta":[],"yoast_head":"<!-- This site is optimized with the Yoast SEO plugin v21.8.1 - https:\/\/yoast.com\/wordpress\/plugins\/seo\/ -->\n<title>Informaci\u00f3n y Datos - APCD<\/title>\n<meta name=\"robots\" content=\"index, follow, max-snippet:-1, max-image-preview:large, max-video-preview:-1\" \/>\n<link rel=\"canonical\" href=\"https:\/\/apcd.org.ar\/index.php\/informacion-y-datos\/\" \/>\n<meta property=\"og:locale\" content=\"es_ES\" \/>\n<meta property=\"og:type\" content=\"article\" \/>\n<meta property=\"og:title\" content=\"Informaci\u00f3n y Datos - APCD\" \/>\n<meta property=\"og:description\" content=\"Datos en perspectiva de los Pueblos Originarios de la Regi\u00f3n del Chaco Argentino.\u00a0 Estos pueblos, muchos de ellos transfronterizos, son anteriores a la marcaci\u00f3n de los l\u00edmites internacionales e interprovinciales. Ancestralmente los pueblos ind\u00edgenas habitan la bioregi\u00f3n del Gran Chaco Americano como una unidad. Acceder al informe. Algunas caracter\u00edsticas de\u2026 Leer m\u00e1s\" \/>\n<meta property=\"og:url\" content=\"https:\/\/apcd.org.ar\/index.php\/informacion-y-datos\/\" \/>\n<meta property=\"og:site_name\" content=\"APCD\" \/>\n<meta property=\"article:modified_time\" content=\"2021-02-02T00:52:13+00:00\" \/>\n<meta name=\"twitter:card\" content=\"summary_large_image\" \/>\n<meta name=\"twitter:label1\" content=\"Tiempo de lectura\" \/>\n\t<meta name=\"twitter:data1\" content=\"1 minuto\" \/>\n<script type=\"application\/ld+json\" class=\"yoast-schema-graph\">{\"@context\":\"https:\/\/schema.org\",\"@graph\":[{\"@type\":\"WebPage\",\"@id\":\"https:\/\/apcd.org.ar\/index.php\/informacion-y-datos\/\",\"url\":\"https:\/\/apcd.org.ar\/index.php\/informacion-y-datos\/\",\"name\":\"Informaci\u00f3n y Datos - APCD\",\"isPartOf\":{\"@id\":\"https:\/\/apcd.org.ar\/#website\"},\"datePublished\":\"2016-04-04T17:34:29+00:00\",\"dateModified\":\"2021-02-02T00:52:13+00:00\",\"breadcrumb\":{\"@id\":\"https:\/\/apcd.org.ar\/index.php\/informacion-y-datos\/#breadcrumb\"},\"inLanguage\":\"es\",\"potentialAction\":[{\"@type\":\"ReadAction\",\"target\":[\"https:\/\/apcd.org.ar\/index.php\/informacion-y-datos\/\"]}]},{\"@type\":\"BreadcrumbList\",\"@id\":\"https:\/\/apcd.org.ar\/index.php\/informacion-y-datos\/#breadcrumb\",\"itemListElement\":[{\"@type\":\"ListItem\",\"position\":1,\"name\":\"Portada\",\"item\":\"https:\/\/apcd.org.ar\/\"},{\"@type\":\"ListItem\",\"position\":2,\"name\":\"Informaci\u00f3n y Datos\"}]},{\"@type\":\"WebSite\",\"@id\":\"https:\/\/apcd.org.ar\/#website\",\"url\":\"https:\/\/apcd.org.ar\/\",\"name\":\"APCD\",\"description\":\"\",\"potentialAction\":[{\"@type\":\"SearchAction\",\"target\":{\"@type\":\"EntryPoint\",\"urlTemplate\":\"https:\/\/apcd.org.ar\/?s={search_term_string}\"},\"query-input\":\"required name=search_term_string\"}],\"inLanguage\":\"es\"}]}<\/script>\n<!-- \/ Yoast SEO plugin. -->","yoast_head_json":{"title":"Informaci\u00f3n y Datos - APCD","robots":{"index":"index","follow":"follow","max-snippet":"max-snippet:-1","max-image-preview":"max-image-preview:large","max-video-preview":"max-video-preview:-1"},"canonical":"https:\/\/apcd.org.ar\/index.php\/informacion-y-datos\/","og_locale":"es_ES","og_type":"article","og_title":"Informaci\u00f3n y Datos - APCD","og_description":"Datos en perspectiva de los Pueblos Originarios de la Regi\u00f3n del Chaco Argentino.\u00a0 Estos pueblos, muchos de ellos transfronterizos, son anteriores a la marcaci\u00f3n de los l\u00edmites internacionales e interprovinciales. Ancestralmente los pueblos ind\u00edgenas habitan la bioregi\u00f3n del Gran Chaco Americano como una unidad. Acceder al informe. Algunas caracter\u00edsticas de\u2026 Leer m\u00e1s","og_url":"https:\/\/apcd.org.ar\/index.php\/informacion-y-datos\/","og_site_name":"APCD","article_modified_time":"2021-02-02T00:52:13+00:00","twitter_card":"summary_large_image","twitter_misc":{"Tiempo de lectura":"1 minuto"},"schema":{"@context":"https:\/\/schema.org","@graph":[{"@type":"WebPage","@id":"https:\/\/apcd.org.ar\/index.php\/informacion-y-datos\/","url":"https:\/\/apcd.org.ar\/index.php\/informacion-y-datos\/","name":"Informaci\u00f3n y Datos - APCD","isPartOf":{"@id":"https:\/\/apcd.org.ar\/#website"},"datePublished":"2016-04-04T17:34:29+00:00","dateModified":"2021-02-02T00:52:13+00:00","breadcrumb":{"@id":"https:\/\/apcd.org.ar\/index.php\/informacion-y-datos\/#breadcrumb"},"inLanguage":"es","potentialAction":[{"@type":"ReadAction","target":["https:\/\/apcd.org.ar\/index.php\/informacion-y-datos\/"]}]},{"@type":"BreadcrumbList","@id":"https:\/\/apcd.org.ar\/index.php\/informacion-y-datos\/#breadcrumb","itemListElement":[{"@type":"ListItem","position":1,"name":"Portada","item":"https:\/\/apcd.org.ar\/"},{"@type":"ListItem","position":2,"name":"Informaci\u00f3n y Datos"}]},{"@type":"WebSite","@id":"https:\/\/apcd.org.ar\/#website","url":"https:\/\/apcd.org.ar\/","name":"APCD","description":"","potentialAction":[{"@type":"SearchAction","target":{"@type":"EntryPoint","urlTemplate":"https:\/\/apcd.org.ar\/?s={search_term_string}"},"query-input":"required name=search_term_string"}],"inLanguage":"es"}]}},"_links":{"self":[{"href":"https:\/\/apcd.org.ar\/index.php\/wp-json\/wp\/v2\/pages\/353"}],"collection":[{"href":"https:\/\/apcd.org.ar\/index.php\/wp-json\/wp\/v2\/pages"}],"about":[{"href":"https:\/\/apcd.org.ar\/index.php\/wp-json\/wp\/v2\/types\/page"}],"author":[{"embeddable":true,"href":"https:\/\/apcd.org.ar\/index.php\/wp-json\/wp\/v2\/users\/1"}],"replies":[{"embeddable":true,"href":"https:\/\/apcd.org.ar\/index.php\/wp-json\/wp\/v2\/comments?post=353"}],"version-history":[{"count":10,"href":"https:\/\/apcd.org.ar\/index.php\/wp-json\/wp\/v2\/pages\/353\/revisions"}],"predecessor-version":[{"id":1144,"href":"https:\/\/apcd.org.ar\/index.php\/wp-json\/wp\/v2\/pages\/353\/revisions\/1144"}],"wp:attachment":[{"href":"https:\/\/apcd.org.ar\/index.php\/wp-json\/wp\/v2\/media?parent=353"}],"curies":[{"name":"wp","href":"https:\/\/api.w.org\/{rel}","templated":true}]}}