{"id":134,"date":"2016-01-10T22:32:24","date_gmt":"2016-01-10T22:32:24","guid":{"rendered":"http:\/\/apcd.org.ar\/?page_id=134"},"modified":"2021-04-28T11:13:07","modified_gmt":"2021-04-28T14:13:07","slug":"otras-publicaciones","status":"publish","type":"page","link":"https:\/\/apcd.org.ar\/index.php\/otras-publicaciones\/","title":{"rendered":"Otras publicaciones"},"content":{"rendered":"<p><a href=\"http:\/\/apcd.org.ar\/wp-content\/uploads\/2016\/01\/logo_otras_publi-09.png\" rel=\"attachment wp-att-245\"><img decoding=\"async\" loading=\"lazy\" class=\"alignnone size-full wp-image-245\" src=\"http:\/\/apcd.org.ar\/wp-content\/uploads\/2016\/01\/logo_otras_publi-09.png\" alt=\"logo_otras_publi-09\" width=\"200\" height=\"200\" srcset=\"https:\/\/apcd.org.ar\/wp-content\/uploads\/2016\/01\/logo_otras_publi-09.png 200w, https:\/\/apcd.org.ar\/wp-content\/uploads\/2016\/01\/logo_otras_publi-09-150x150.png 150w\" sizes=\"(max-width: 200px) 100vw, 200px\" \/><\/a><\/p>\n<p><strong>COMUNICACI\u00d3N<\/strong><\/p>\n<ul>\n<li><a href=\"http:\/\/www.apcd.org.ar\/wp-content\/uploads\/pdf\/Manualmediosdigitaldobles.pdf\" target=\"_blank\" rel=\"noopener\">Pueblos Ind\u00edgenas en los medios. Recomendaciones para el ejercicio de la comunicaci\u00f3n con enfoque intercultural<\/a>. APCD, 2021.<\/li>\n<\/ul>\n<p><strong>MUJER<\/strong><\/p>\n<ul>\n<li><em>Atsinahay latichunhay\u2019 aj. \u201cPensamiento de mujeres\u201d<\/em>. Cecazo \u2013 APCD. 2010<\/li>\n<li><em><a href=\"http:\/\/issuu.com\/apcdorg\/docs\/nutrici__nw-enbaja\" target=\"_blank\" rel=\"noopener\">Tolhok to jis wit tolhukwey lakos jhay<\/a>. <a href=\"http:\/\/issuu.com\/apcdorg\/docs\/nutricionyeconomia-espa__ol\" target=\"_blank\" rel=\"noopener\">\u201cNutrici\u00f3n y Econom\u00eda Familiar\u201d<\/a><\/em>. Fundaci\u00f3n Navarro Viola \u2013 Mujeres Wich\u00ed \u2013 APCD. Biling\u00fce. 2014<\/li>\n<\/ul>\n<p><strong>SALUD<\/strong><\/p>\n<ul>\n<li><em>N\u2019t\u2019amajlhamej yomt\u2019ilak n\u2019tk\u2019ajay. Cuidemos nuestra salud<\/em>. Biling\u00fce. 2007<\/li>\n<\/ul>\n<p><strong>ORDENAMIENTO de BOSQUES<\/strong><\/p>\n<ul>\n<li><em><a href=\"http:\/\/redaf.org.ar\/wp-content\/uploads\/2015\/12\/fichas_experiencias.pdf\" target=\"_blank\" rel=\"noopener\"> Experiencias de Ordenamiento y Manejo Sostenible del bosque nativo de la regi\u00f3n chaque\u00f1a argentina.<\/a>\u00a0 <\/em>Red Agroforestal Chaco Argentina. 2015<\/li>\n<\/ul>\n<p>&nbsp;<\/p>\n","protected":false},"excerpt":{"rendered":"<p>COMUNICACI\u00d3N Pueblos Ind\u00edgenas en los medios. Recomendaciones para el ejercicio de la comunicaci\u00f3n con enfoque intercultural. APCD, 2021. MUJER Atsinahay latichunhay\u2019 aj. \u201cPensamiento de mujeres\u201d. Cecazo \u2013 APCD. 2010 Tolhok to jis wit tolhukwey lakos jhay. \u201cNutrici\u00f3n y Econom\u00eda Familiar\u201d. Fundaci\u00f3n Navarro Viola \u2013 Mujeres Wich\u00ed \u2013 APCD. Biling\u00fce. 2014\u2026<\/p>\n<p> <a class=\"continue-reading-link\" href=\"https:\/\/apcd.org.ar\/index.php\/otras-publicaciones\/\"><span>Leer m\u00e1s<\/span><i class=\"crycon-right-dir\"><\/i><\/a> <\/p>\n","protected":false},"author":1,"featured_media":0,"parent":0,"menu_order":0,"comment_status":"closed","ping_status":"closed","template":"","meta":[],"yoast_head":"<!-- This site is optimized with the Yoast SEO plugin v21.8.1 - https:\/\/yoast.com\/wordpress\/plugins\/seo\/ -->\n<title>Otras publicaciones - APCD<\/title>\n<meta name=\"robots\" content=\"index, follow, max-snippet:-1, max-image-preview:large, max-video-preview:-1\" \/>\n<link rel=\"canonical\" href=\"https:\/\/apcd.org.ar\/index.php\/otras-publicaciones\/\" \/>\n<meta property=\"og:locale\" content=\"es_ES\" \/>\n<meta property=\"og:type\" content=\"article\" \/>\n<meta property=\"og:title\" content=\"Otras publicaciones - APCD\" \/>\n<meta property=\"og:description\" content=\"COMUNICACI\u00d3N Pueblos Ind\u00edgenas en los medios. Recomendaciones para el ejercicio de la comunicaci\u00f3n con enfoque intercultural. APCD, 2021. MUJER Atsinahay latichunhay\u2019 aj. \u201cPensamiento de mujeres\u201d. Cecazo \u2013 APCD. 2010 Tolhok to jis wit tolhukwey lakos jhay. \u201cNutrici\u00f3n y Econom\u00eda Familiar\u201d. Fundaci\u00f3n Navarro Viola \u2013 Mujeres Wich\u00ed \u2013 APCD. Biling\u00fce. 2014\u2026 Leer m\u00e1s\" \/>\n<meta property=\"og:url\" content=\"https:\/\/apcd.org.ar\/index.php\/otras-publicaciones\/\" \/>\n<meta property=\"og:site_name\" content=\"APCD\" \/>\n<meta property=\"article:modified_time\" content=\"2021-04-28T14:13:07+00:00\" \/>\n<meta property=\"og:image\" content=\"http:\/\/apcd.org.ar\/wp-content\/uploads\/2016\/01\/logo_otras_publi-09.png\" \/>\n<meta name=\"twitter:card\" content=\"summary_large_image\" \/>\n<meta name=\"twitter:label1\" content=\"Tiempo de lectura\" \/>\n\t<meta name=\"twitter:data1\" content=\"1 minuto\" \/>\n<script type=\"application\/ld+json\" class=\"yoast-schema-graph\">{\"@context\":\"https:\/\/schema.org\",\"@graph\":[{\"@type\":\"WebPage\",\"@id\":\"https:\/\/apcd.org.ar\/index.php\/otras-publicaciones\/\",\"url\":\"https:\/\/apcd.org.ar\/index.php\/otras-publicaciones\/\",\"name\":\"Otras publicaciones - APCD\",\"isPartOf\":{\"@id\":\"https:\/\/apcd.org.ar\/#website\"},\"datePublished\":\"2016-01-10T22:32:24+00:00\",\"dateModified\":\"2021-04-28T14:13:07+00:00\",\"breadcrumb\":{\"@id\":\"https:\/\/apcd.org.ar\/index.php\/otras-publicaciones\/#breadcrumb\"},\"inLanguage\":\"es\",\"potentialAction\":[{\"@type\":\"ReadAction\",\"target\":[\"https:\/\/apcd.org.ar\/index.php\/otras-publicaciones\/\"]}]},{\"@type\":\"BreadcrumbList\",\"@id\":\"https:\/\/apcd.org.ar\/index.php\/otras-publicaciones\/#breadcrumb\",\"itemListElement\":[{\"@type\":\"ListItem\",\"position\":1,\"name\":\"Portada\",\"item\":\"https:\/\/apcd.org.ar\/\"},{\"@type\":\"ListItem\",\"position\":2,\"name\":\"Otras publicaciones\"}]},{\"@type\":\"WebSite\",\"@id\":\"https:\/\/apcd.org.ar\/#website\",\"url\":\"https:\/\/apcd.org.ar\/\",\"name\":\"APCD\",\"description\":\"\",\"potentialAction\":[{\"@type\":\"SearchAction\",\"target\":{\"@type\":\"EntryPoint\",\"urlTemplate\":\"https:\/\/apcd.org.ar\/?s={search_term_string}\"},\"query-input\":\"required name=search_term_string\"}],\"inLanguage\":\"es\"}]}<\/script>\n<!-- \/ Yoast SEO plugin. -->","yoast_head_json":{"title":"Otras publicaciones - APCD","robots":{"index":"index","follow":"follow","max-snippet":"max-snippet:-1","max-image-preview":"max-image-preview:large","max-video-preview":"max-video-preview:-1"},"canonical":"https:\/\/apcd.org.ar\/index.php\/otras-publicaciones\/","og_locale":"es_ES","og_type":"article","og_title":"Otras publicaciones - APCD","og_description":"COMUNICACI\u00d3N Pueblos Ind\u00edgenas en los medios. Recomendaciones para el ejercicio de la comunicaci\u00f3n con enfoque intercultural. APCD, 2021. MUJER Atsinahay latichunhay\u2019 aj. \u201cPensamiento de mujeres\u201d. Cecazo \u2013 APCD. 2010 Tolhok to jis wit tolhukwey lakos jhay. \u201cNutrici\u00f3n y Econom\u00eda Familiar\u201d. Fundaci\u00f3n Navarro Viola \u2013 Mujeres Wich\u00ed \u2013 APCD. Biling\u00fce. 2014\u2026 Leer m\u00e1s","og_url":"https:\/\/apcd.org.ar\/index.php\/otras-publicaciones\/","og_site_name":"APCD","article_modified_time":"2021-04-28T14:13:07+00:00","og_image":[{"url":"http:\/\/apcd.org.ar\/wp-content\/uploads\/2016\/01\/logo_otras_publi-09.png"}],"twitter_card":"summary_large_image","twitter_misc":{"Tiempo de lectura":"1 minuto"},"schema":{"@context":"https:\/\/schema.org","@graph":[{"@type":"WebPage","@id":"https:\/\/apcd.org.ar\/index.php\/otras-publicaciones\/","url":"https:\/\/apcd.org.ar\/index.php\/otras-publicaciones\/","name":"Otras publicaciones - APCD","isPartOf":{"@id":"https:\/\/apcd.org.ar\/#website"},"datePublished":"2016-01-10T22:32:24+00:00","dateModified":"2021-04-28T14:13:07+00:00","breadcrumb":{"@id":"https:\/\/apcd.org.ar\/index.php\/otras-publicaciones\/#breadcrumb"},"inLanguage":"es","potentialAction":[{"@type":"ReadAction","target":["https:\/\/apcd.org.ar\/index.php\/otras-publicaciones\/"]}]},{"@type":"BreadcrumbList","@id":"https:\/\/apcd.org.ar\/index.php\/otras-publicaciones\/#breadcrumb","itemListElement":[{"@type":"ListItem","position":1,"name":"Portada","item":"https:\/\/apcd.org.ar\/"},{"@type":"ListItem","position":2,"name":"Otras publicaciones"}]},{"@type":"WebSite","@id":"https:\/\/apcd.org.ar\/#website","url":"https:\/\/apcd.org.ar\/","name":"APCD","description":"","potentialAction":[{"@type":"SearchAction","target":{"@type":"EntryPoint","urlTemplate":"https:\/\/apcd.org.ar\/?s={search_term_string}"},"query-input":"required name=search_term_string"}],"inLanguage":"es"}]}},"_links":{"self":[{"href":"https:\/\/apcd.org.ar\/index.php\/wp-json\/wp\/v2\/pages\/134"}],"collection":[{"href":"https:\/\/apcd.org.ar\/index.php\/wp-json\/wp\/v2\/pages"}],"about":[{"href":"https:\/\/apcd.org.ar\/index.php\/wp-json\/wp\/v2\/types\/page"}],"author":[{"embeddable":true,"href":"https:\/\/apcd.org.ar\/index.php\/wp-json\/wp\/v2\/users\/1"}],"replies":[{"embeddable":true,"href":"https:\/\/apcd.org.ar\/index.php\/wp-json\/wp\/v2\/comments?post=134"}],"version-history":[{"count":6,"href":"https:\/\/apcd.org.ar\/index.php\/wp-json\/wp\/v2\/pages\/134\/revisions"}],"predecessor-version":[{"id":1252,"href":"https:\/\/apcd.org.ar\/index.php\/wp-json\/wp\/v2\/pages\/134\/revisions\/1252"}],"wp:attachment":[{"href":"https:\/\/apcd.org.ar\/index.php\/wp-json\/wp\/v2\/media?parent=134"}],"curies":[{"name":"wp","href":"https:\/\/api.w.org\/{rel}","templated":true}]}}