{"id":130,"date":"2016-01-10T22:31:53","date_gmt":"2016-01-10T22:31:53","guid":{"rendered":"http:\/\/apcd.org.ar\/?page_id=130"},"modified":"2020-08-08T19:17:48","modified_gmt":"2020-08-08T22:17:48","slug":"pueblos-del-gran-chaco","status":"publish","type":"page","link":"https:\/\/apcd.org.ar\/index.php\/pueblos-del-gran-chaco\/","title":{"rendered":"Pueblos del Gran Chaco"},"content":{"rendered":"<p><a href=\"http:\/\/apcd.org.ar\/wp-content\/uploads\/2016\/01\/pueblos-07.png\" rel=\"attachment wp-att-233\"><img decoding=\"async\" loading=\"lazy\" class=\"alignnone size-full wp-image-233\" src=\"http:\/\/apcd.org.ar\/wp-content\/uploads\/2016\/01\/pueblos-07.png\" alt=\"pueblos-07\" width=\"199\" height=\"199\" srcset=\"https:\/\/apcd.org.ar\/wp-content\/uploads\/2016\/01\/pueblos-07.png 199w, https:\/\/apcd.org.ar\/wp-content\/uploads\/2016\/01\/pueblos-07-150x150.png 150w\" sizes=\"(max-width: 199px) 100vw, 199px\" \/><\/a><\/p>\n<p><strong>PENSAMIENTOS WICH\u00cd<\/strong><\/p>\n<p>1. <em>Los papeles y las producciones gr\u00e1ficas: su incidencia en la cultura oral<\/em>. 1996.<\/p>\n<p>2. <em>Pensamientos Wich\u00ed sobre la organizaci\u00f3n<\/em>.2001.<\/p>\n<p>3. <em>Relatos de la historia Wich\u00ed<\/em>. 2002.<\/p>\n<p>4. <em>Wichi tichunnhayaj ay. Memoria de la gente Wich\u00ed<\/em>. 2002.<\/p>\n<p>5. <em><a href=\"http:\/\/www.apcd.org.ar\/wp-content\/uploads\/pdf\/pueblosdelgranchaco\/PensamientoyCulturawichi.pdf\" target=\"_blank\" rel=\"noopener noreferrer\">Wichi tichunhayaj wet wichi keyis. Pensamientos y la cultura Wich\u00ed<\/a><\/em>. Biling\u00fce. 2002.<\/p>\n<p><strong>PUEBLO NIVA\u0108LE<\/strong><\/p>\n<p>1. <em><a href=\"http:\/\/www.apcd.org.ar\/wp-content\/uploads\/pdf\/pueblosdelgranchaco\/1PresenciaNivacleenFormosa.pdf\" target=\"_blank\" rel=\"noopener noreferrer\">Presencia Niva\u0109l\u00e9 en la Provincia de Formosa<\/a><\/em>. APCD. 2015<\/p>\n<p>2. <a href=\"https:\/\/issuu.com\/apcdcultura\/docs\/el_pueblo_nivacle_en_formosa._estan_compressed\" target=\"_blank\" rel=\"noopener noreferrer\">El Pueblo niva\u0109l\u00e9 en Formosa. \u00a1EST\u00c1N!<\/a>. APCD. 2017<\/p>\n<p>3. <a href=\"https:\/\/issuu.com\/apcdcultura\/docs\/el_pueblo_nivacle_en_formosa._estos_son\" target=\"_blank\" rel=\"noopener noreferrer\">El Pueblo niva\u0109l\u00e9 en Formosa. \u00a1Estos son!<\/a>. APCD. 2019<\/p>\n<p><strong>FAMILIAS CRIOLLAS<\/strong><\/p>\n<p>1. <em>Ba\u00f1ado La Estrella<\/em>. DVD. Aprobae \u2013 APCD. 2006.<\/p>\n<p>2. <em><a href=\"http:\/\/www.apcd.org.ar\/wp-content\/uploads\/pdf\/pueblosdelgranchaco\/2InformesobrelasUnidadesProductivasFamiliares.pdf\" target=\"_blank\" rel=\"noopener noreferrer\">Informe sobre las Unidades Productivas Familiares, su tama\u00f1o y su producci\u00f3n<\/a><\/em>. AProBaE \u2013 APCD. 2007.<\/p>\n<p>3. <em><a href=\"http:\/\/www.apcd.org.ar\/wp-content\/uploads\/pdf\/pueblosdelgranchaco\/3Relevamientoyanalisisdedanos.pdf\" target=\"_blank\" rel=\"noopener noreferrer\">Relevamiento y an\u00e1lisis de las consecuencias pecuarias de la Obra Hidrovial Ruta 28<\/a><\/em>. AProBaE \u2013 APCD. 2007<\/p>\n","protected":false},"excerpt":{"rendered":"<p>PENSAMIENTOS WICH\u00cd 1. Los papeles y las producciones gr\u00e1ficas: su incidencia en la cultura oral. 1996. 2. Pensamientos Wich\u00ed sobre la organizaci\u00f3n.2001. 3. Relatos de la historia Wich\u00ed. 2002. 4. Wichi tichunnhayaj ay. Memoria de la gente Wich\u00ed. 2002. 5. Wichi tichunhayaj wet wichi keyis. Pensamientos y la cultura Wich\u00ed.\u2026<\/p>\n<p> <a class=\"continue-reading-link\" href=\"https:\/\/apcd.org.ar\/index.php\/pueblos-del-gran-chaco\/\"><span>Leer m\u00e1s<\/span><i class=\"crycon-right-dir\"><\/i><\/a> <\/p>\n","protected":false},"author":1,"featured_media":0,"parent":0,"menu_order":0,"comment_status":"closed","ping_status":"closed","template":"","meta":[],"yoast_head":"<!-- This site is optimized with the Yoast SEO plugin v21.8.1 - https:\/\/yoast.com\/wordpress\/plugins\/seo\/ -->\n<title>Pueblos del Gran Chaco - APCD<\/title>\n<meta name=\"robots\" content=\"index, follow, max-snippet:-1, max-image-preview:large, max-video-preview:-1\" \/>\n<link rel=\"canonical\" href=\"https:\/\/apcd.org.ar\/index.php\/pueblos-del-gran-chaco\/\" \/>\n<meta property=\"og:locale\" content=\"es_ES\" \/>\n<meta property=\"og:type\" content=\"article\" \/>\n<meta property=\"og:title\" content=\"Pueblos del Gran Chaco - APCD\" \/>\n<meta property=\"og:description\" content=\"PENSAMIENTOS WICH\u00cd 1. Los papeles y las producciones gr\u00e1ficas: su incidencia en la cultura oral. 1996. 2. Pensamientos Wich\u00ed sobre la organizaci\u00f3n.2001. 3. Relatos de la historia Wich\u00ed. 2002. 4. Wichi tichunnhayaj ay. Memoria de la gente Wich\u00ed. 2002. 5. Wichi tichunhayaj wet wichi keyis. Pensamientos y la cultura Wich\u00ed.\u2026 Leer m\u00e1s\" \/>\n<meta property=\"og:url\" content=\"https:\/\/apcd.org.ar\/index.php\/pueblos-del-gran-chaco\/\" \/>\n<meta property=\"og:site_name\" content=\"APCD\" \/>\n<meta property=\"article:modified_time\" content=\"2020-08-08T22:17:48+00:00\" \/>\n<meta property=\"og:image\" content=\"http:\/\/apcd.org.ar\/wp-content\/uploads\/2016\/01\/pueblos-07.png\" \/>\n<meta name=\"twitter:card\" content=\"summary_large_image\" \/>\n<meta name=\"twitter:label1\" content=\"Tiempo de lectura\" \/>\n\t<meta name=\"twitter:data1\" content=\"1 minuto\" \/>\n<script type=\"application\/ld+json\" class=\"yoast-schema-graph\">{\"@context\":\"https:\/\/schema.org\",\"@graph\":[{\"@type\":\"WebPage\",\"@id\":\"https:\/\/apcd.org.ar\/index.php\/pueblos-del-gran-chaco\/\",\"url\":\"https:\/\/apcd.org.ar\/index.php\/pueblos-del-gran-chaco\/\",\"name\":\"Pueblos del Gran Chaco - APCD\",\"isPartOf\":{\"@id\":\"https:\/\/apcd.org.ar\/#website\"},\"datePublished\":\"2016-01-10T22:31:53+00:00\",\"dateModified\":\"2020-08-08T22:17:48+00:00\",\"breadcrumb\":{\"@id\":\"https:\/\/apcd.org.ar\/index.php\/pueblos-del-gran-chaco\/#breadcrumb\"},\"inLanguage\":\"es\",\"potentialAction\":[{\"@type\":\"ReadAction\",\"target\":[\"https:\/\/apcd.org.ar\/index.php\/pueblos-del-gran-chaco\/\"]}]},{\"@type\":\"BreadcrumbList\",\"@id\":\"https:\/\/apcd.org.ar\/index.php\/pueblos-del-gran-chaco\/#breadcrumb\",\"itemListElement\":[{\"@type\":\"ListItem\",\"position\":1,\"name\":\"Portada\",\"item\":\"https:\/\/apcd.org.ar\/\"},{\"@type\":\"ListItem\",\"position\":2,\"name\":\"Pueblos del Gran Chaco\"}]},{\"@type\":\"WebSite\",\"@id\":\"https:\/\/apcd.org.ar\/#website\",\"url\":\"https:\/\/apcd.org.ar\/\",\"name\":\"APCD\",\"description\":\"\",\"potentialAction\":[{\"@type\":\"SearchAction\",\"target\":{\"@type\":\"EntryPoint\",\"urlTemplate\":\"https:\/\/apcd.org.ar\/?s={search_term_string}\"},\"query-input\":\"required name=search_term_string\"}],\"inLanguage\":\"es\"}]}<\/script>\n<!-- \/ Yoast SEO plugin. -->","yoast_head_json":{"title":"Pueblos del Gran Chaco - APCD","robots":{"index":"index","follow":"follow","max-snippet":"max-snippet:-1","max-image-preview":"max-image-preview:large","max-video-preview":"max-video-preview:-1"},"canonical":"https:\/\/apcd.org.ar\/index.php\/pueblos-del-gran-chaco\/","og_locale":"es_ES","og_type":"article","og_title":"Pueblos del Gran Chaco - APCD","og_description":"PENSAMIENTOS WICH\u00cd 1. Los papeles y las producciones gr\u00e1ficas: su incidencia en la cultura oral. 1996. 2. Pensamientos Wich\u00ed sobre la organizaci\u00f3n.2001. 3. Relatos de la historia Wich\u00ed. 2002. 4. Wichi tichunnhayaj ay. Memoria de la gente Wich\u00ed. 2002. 5. Wichi tichunhayaj wet wichi keyis. Pensamientos y la cultura Wich\u00ed.\u2026 Leer m\u00e1s","og_url":"https:\/\/apcd.org.ar\/index.php\/pueblos-del-gran-chaco\/","og_site_name":"APCD","article_modified_time":"2020-08-08T22:17:48+00:00","og_image":[{"url":"http:\/\/apcd.org.ar\/wp-content\/uploads\/2016\/01\/pueblos-07.png"}],"twitter_card":"summary_large_image","twitter_misc":{"Tiempo de lectura":"1 minuto"},"schema":{"@context":"https:\/\/schema.org","@graph":[{"@type":"WebPage","@id":"https:\/\/apcd.org.ar\/index.php\/pueblos-del-gran-chaco\/","url":"https:\/\/apcd.org.ar\/index.php\/pueblos-del-gran-chaco\/","name":"Pueblos del Gran Chaco - APCD","isPartOf":{"@id":"https:\/\/apcd.org.ar\/#website"},"datePublished":"2016-01-10T22:31:53+00:00","dateModified":"2020-08-08T22:17:48+00:00","breadcrumb":{"@id":"https:\/\/apcd.org.ar\/index.php\/pueblos-del-gran-chaco\/#breadcrumb"},"inLanguage":"es","potentialAction":[{"@type":"ReadAction","target":["https:\/\/apcd.org.ar\/index.php\/pueblos-del-gran-chaco\/"]}]},{"@type":"BreadcrumbList","@id":"https:\/\/apcd.org.ar\/index.php\/pueblos-del-gran-chaco\/#breadcrumb","itemListElement":[{"@type":"ListItem","position":1,"name":"Portada","item":"https:\/\/apcd.org.ar\/"},{"@type":"ListItem","position":2,"name":"Pueblos del Gran Chaco"}]},{"@type":"WebSite","@id":"https:\/\/apcd.org.ar\/#website","url":"https:\/\/apcd.org.ar\/","name":"APCD","description":"","potentialAction":[{"@type":"SearchAction","target":{"@type":"EntryPoint","urlTemplate":"https:\/\/apcd.org.ar\/?s={search_term_string}"},"query-input":"required name=search_term_string"}],"inLanguage":"es"}]}},"_links":{"self":[{"href":"https:\/\/apcd.org.ar\/index.php\/wp-json\/wp\/v2\/pages\/130"}],"collection":[{"href":"https:\/\/apcd.org.ar\/index.php\/wp-json\/wp\/v2\/pages"}],"about":[{"href":"https:\/\/apcd.org.ar\/index.php\/wp-json\/wp\/v2\/types\/page"}],"author":[{"embeddable":true,"href":"https:\/\/apcd.org.ar\/index.php\/wp-json\/wp\/v2\/users\/1"}],"replies":[{"embeddable":true,"href":"https:\/\/apcd.org.ar\/index.php\/wp-json\/wp\/v2\/comments?post=130"}],"version-history":[{"count":10,"href":"https:\/\/apcd.org.ar\/index.php\/wp-json\/wp\/v2\/pages\/130\/revisions"}],"predecessor-version":[{"id":883,"href":"https:\/\/apcd.org.ar\/index.php\/wp-json\/wp\/v2\/pages\/130\/revisions\/883"}],"wp:attachment":[{"href":"https:\/\/apcd.org.ar\/index.php\/wp-json\/wp\/v2\/media?parent=130"}],"curies":[{"name":"wp","href":"https:\/\/api.w.org\/{rel}","templated":true}]}}